{"id":2208,"date":"2021-05-19T11:13:27","date_gmt":"2021-05-19T09:13:27","guid":{"rendered":"https:\/\/www.floristeriesiris.com\/ramos\/"},"modified":"2021-05-19T14:45:01","modified_gmt":"2021-05-19T12:45:01","slug":"ramos-de-flores","status":"publish","type":"page","link":"https:\/\/www.floristeriesiris.com\/es\/ramos-de-flores\/","title":{"rendered":"Ramos de Flores"},"content":{"rendered":"\t\t<div data-elementor-type=\"wp-page\" data-elementor-id=\"2208\" class=\"elementor elementor-2208 elementor-725\" data-elementor-post-type=\"page\">\n\t\t\t\t\t\t<section class=\"elementor-section elementor-top-section elementor-element elementor-element-0cc5b1d elementor-section-height-min-height elementor-section-boxed elementor-section-height-default elementor-section-items-middle\" data-id=\"0cc5b1d\" data-element_type=\"section\" data-e-type=\"section\" data-settings=\"{&quot;background_background&quot;:&quot;classic&quot;}\">\n\t\t\t\t\t\t\t<div class=\"elementor-background-overlay\"><\/div>\n\t\t\t\t\t\t\t<div class=\"elementor-container elementor-column-gap-default\">\n\t\t\t\t\t<div class=\"elementor-column elementor-col-100 elementor-top-column elementor-element elementor-element-7ce8559\" data-id=\"7ce8559\" data-element_type=\"column\" data-e-type=\"column\">\n\t\t\t<div class=\"elementor-widget-wrap elementor-element-populated\">\n\t\t\t\t\t\t<div class=\"elementor-element elementor-element-19657ad elementor-widget elementor-widget-heading\" data-id=\"19657ad\" data-element_type=\"widget\" data-e-type=\"widget\" data-widget_type=\"heading.default\">\n\t\t\t\t<div class=\"elementor-widget-container\">\n\t\t\t\t\t<p class=\"elementor-heading-title elementor-size-default\">Ramos de Flores<\/p>\t\t\t\t<\/div>\n\t\t\t\t<\/div>\n\t\t\t\t\t<\/div>\n\t\t<\/div>\n\t\t\t\t\t<\/div>\n\t\t<\/section>\n\t\t\t\t<section class=\"elementor-section elementor-top-section elementor-element elementor-element-c9a4f9b elementor-section-boxed elementor-section-height-default elementor-section-height-default\" data-id=\"c9a4f9b\" data-element_type=\"section\" data-e-type=\"section\">\n\t\t\t\t\t\t<div class=\"elementor-container elementor-column-gap-default\">\n\t\t\t\t\t<div class=\"elementor-column elementor-col-100 elementor-top-column elementor-element elementor-element-683c563\" data-id=\"683c563\" data-element_type=\"column\" data-e-type=\"column\">\n\t\t\t<div class=\"elementor-widget-wrap elementor-element-populated\">\n\t\t\t\t\t\t<div class=\"elementor-element elementor-element-d8394ef elementor-widget elementor-widget-heading\" data-id=\"d8394ef\" data-element_type=\"widget\" data-e-type=\"widget\" data-widget_type=\"heading.default\">\n\t\t\t\t<div class=\"elementor-widget-container\">\n\t\t\t\t\t<h1 class=\"elementor-heading-title elementor-size-default\">Ramos de Flores<\/h1>\t\t\t\t<\/div>\n\t\t\t\t<\/div>\n\t\t\t\t<div class=\"elementor-element elementor-element-3b34f2e elementor-widget elementor-widget-text-editor\" data-id=\"3b34f2e\" data-element_type=\"widget\" data-e-type=\"widget\" data-widget_type=\"text-editor.default\">\n\t\t\t\t<div class=\"elementor-widget-container\">\n\t\t\t\t\t\t\t\t\t<p>En <strong>Florister\u00edas Iris<\/strong> nos encanta ser testigos de momentos tan bonitos, como la celebraci\u00f3n de Cumplea\u00f1os, Bodas, Nacimientos o, simplemente, una celebraci\u00f3n \u00a1porque s\u00ed!<\/p>\n<p>Los <strong>ramos de flores<\/strong> son el regalo perfecto por cualquier ocasi\u00f3n y, en Florister\u00edas Iris, los hacemos totalmente personalizados y exclusivos.<\/p>\n<p><strong>Ramos de flor natural<\/strong> o <strong>ramos de flor seca<\/strong>, mimando hasta el \u00faltimo detalle.<\/p>\n<p>No dudes al pedirnos el tuyo. Nos ajustamos a tus necesidades.<\/p>\n\t\t\t\t\t\t\t\t<\/div>\n\t\t\t\t<\/div>\n\t\t\t\t\t<\/div>\n\t\t<\/div>\n\t\t\t\t\t<\/div>\n\t\t<\/section>\n\t\t\t\t<section class=\"elementor-section elementor-top-section elementor-element elementor-element-4a26cda elementor-section-boxed elementor-section-height-default elementor-section-height-default\" data-id=\"4a26cda\" data-element_type=\"section\" data-e-type=\"section\" data-settings=\"{&quot;background_background&quot;:&quot;classic&quot;}\">\n\t\t\t\t\t\t<div class=\"elementor-container elementor-column-gap-default\">\n\t\t\t\t\t<div class=\"elementor-column elementor-col-100 elementor-top-column elementor-element elementor-element-3c86574\" data-id=\"3c86574\" data-element_type=\"column\" data-e-type=\"column\">\n\t\t\t<div class=\"elementor-widget-wrap elementor-element-populated\">\n\t\t\t\t\t\t<div class=\"elementor-element elementor-element-922df21 elementor-widget elementor-widget-heading\" data-id=\"922df21\" data-element_type=\"widget\" data-e-type=\"widget\" data-widget_type=\"heading.default\">\n\t\t\t\t<div class=\"elementor-widget-container\">\n\t\t\t\t\t<h2 class=\"elementor-heading-title elementor-size-default\">Compra online &gt; Ramos de Flores \/ Ramos de Rosas<\/h2>\t\t\t\t<\/div>\n\t\t\t\t<\/div>\n\t\t\t\t\t<\/div>\n\t\t<\/div>\n\t\t\t\t\t<\/div>\n\t\t<\/section>\n\t\t\t\t<\/div>\n\t\t","protected":false},"excerpt":{"rendered":"<p>Ramos de Flores Ramos de Flores En Florister\u00edas Iris nos encanta ser testigos de momentos tan bonitos, como la celebraci\u00f3n de Cumplea\u00f1os, Bodas, Nacimientos o, simplemente, una celebraci\u00f3n \u00a1porque s\u00ed! Los ramos de flores son el regalo perfecto por cualquier ocasi\u00f3n y, en Florister\u00edas Iris, los hacemos totalmente personalizados y exclusivos. Ramos de flor natural [&hellip;]<\/p>\n","protected":false},"author":4,"featured_media":2239,"parent":0,"menu_order":10,"comment_status":"closed","ping_status":"closed","template":"","meta":{"footnotes":""},"class_list":["post-2208","page","type-page","status-publish","has-post-thumbnail","hentry"],"yoast_head":"<!-- This site is optimized with the Yoast SEO plugin v27.4 - https:\/\/yoast.com\/product\/yoast-seo-wordpress\/ -->\n<title>Ramos con flor natural y seca de primera calidad - Floristeries Iris<\/title>\n<meta name=\"description\" content=\"Ramos con flor natural y seca de primera calidad. Ramos de novia personalizados. Ramos de rosas. Ramos de flores. Env\u00edos a domicilio. Floristeries Iris.\" \/>\n<meta name=\"robots\" content=\"index, follow, max-snippet:-1, max-image-preview:large, max-video-preview:-1\" \/>\n<link rel=\"canonical\" href=\"https:\/\/www.floristeriesiris.com\/es\/ramos-de-flores\/\" \/>\n<meta property=\"og:locale\" content=\"es_ES\" \/>\n<meta property=\"og:type\" content=\"article\" \/>\n<meta property=\"og:title\" content=\"Ramos con flor natural y seca de primera calidad - Floristeries Iris\" \/>\n<meta property=\"og:description\" content=\"Ramos con flor natural y seca de primera calidad. Ramos de novia personalizados. Ramos de rosas. Ramos de flores. Env\u00edos a domicilio. Floristeries Iris.\" \/>\n<meta property=\"og:url\" content=\"https:\/\/www.floristeriesiris.com\/es\/ramos-de-flores\/\" \/>\n<meta property=\"og:site_name\" content=\"Floristeries Iris\" \/>\n<meta property=\"article:modified_time\" content=\"2021-05-19T12:45:01+00:00\" \/>\n<meta property=\"og:image\" content=\"https:\/\/www.floristeriesiris.com\/wp-content\/uploads\/2019\/01\/FloristeriesIris-110.jpg\" \/>\n\t<meta property=\"og:image:width\" content=\"1001\" \/>\n\t<meta property=\"og:image:height\" content=\"1500\" \/>\n\t<meta property=\"og:image:type\" content=\"image\/jpeg\" \/>\n<meta name=\"twitter:card\" content=\"summary_large_image\" \/>\n<script type=\"application\/ld+json\" class=\"yoast-schema-graph\">{\"@context\":\"https:\\\/\\\/schema.org\",\"@graph\":[{\"@type\":\"WebPage\",\"@id\":\"https:\\\/\\\/www.floristeriesiris.com\\\/es\\\/ramos-de-flores\\\/\",\"url\":\"https:\\\/\\\/www.floristeriesiris.com\\\/es\\\/ramos-de-flores\\\/\",\"name\":\"Ramos con flor natural y seca de primera calidad - Floristeries Iris\",\"isPartOf\":{\"@id\":\"https:\\\/\\\/www.floristeriesiris.com\\\/es\\\/#website\"},\"primaryImageOfPage\":{\"@id\":\"https:\\\/\\\/www.floristeriesiris.com\\\/es\\\/ramos-de-flores\\\/#primaryimage\"},\"image\":{\"@id\":\"https:\\\/\\\/www.floristeriesiris.com\\\/es\\\/ramos-de-flores\\\/#primaryimage\"},\"thumbnailUrl\":\"https:\\\/\\\/www.floristeriesiris.com\\\/wp-content\\\/uploads\\\/2019\\\/01\\\/FloristeriesIris-110.jpg\",\"datePublished\":\"2021-05-19T09:13:27+00:00\",\"dateModified\":\"2021-05-19T12:45:01+00:00\",\"description\":\"Ramos con flor natural y seca de primera calidad. Ramos de novia personalizados. Ramos de rosas. Ramos de flores. Env\u00edos a domicilio. Floristeries Iris.\",\"breadcrumb\":{\"@id\":\"https:\\\/\\\/www.floristeriesiris.com\\\/es\\\/ramos-de-flores\\\/#breadcrumb\"},\"inLanguage\":\"es\",\"potentialAction\":[{\"@type\":\"ReadAction\",\"target\":[\"https:\\\/\\\/www.floristeriesiris.com\\\/es\\\/ramos-de-flores\\\/\"]}]},{\"@type\":\"ImageObject\",\"inLanguage\":\"es\",\"@id\":\"https:\\\/\\\/www.floristeriesiris.com\\\/es\\\/ramos-de-flores\\\/#primaryimage\",\"url\":\"https:\\\/\\\/www.floristeriesiris.com\\\/wp-content\\\/uploads\\\/2019\\\/01\\\/FloristeriesIris-110.jpg\",\"contentUrl\":\"https:\\\/\\\/www.floristeriesiris.com\\\/wp-content\\\/uploads\\\/2019\\\/01\\\/FloristeriesIris-110.jpg\",\"width\":1001,\"height\":1500},{\"@type\":\"BreadcrumbList\",\"@id\":\"https:\\\/\\\/www.floristeriesiris.com\\\/es\\\/ramos-de-flores\\\/#breadcrumb\",\"itemListElement\":[{\"@type\":\"ListItem\",\"position\":1,\"name\":\"Portada\",\"item\":\"https:\\\/\\\/www.floristeriesiris.com\\\/es\\\/\"},{\"@type\":\"ListItem\",\"position\":2,\"name\":\"Ramos de Flores\"}]},{\"@type\":\"WebSite\",\"@id\":\"https:\\\/\\\/www.floristeriesiris.com\\\/es\\\/#website\",\"url\":\"https:\\\/\\\/www.floristeriesiris.com\\\/es\\\/\",\"name\":\"Floristeries Iris\",\"description\":\"Floristeries Iris\",\"publisher\":{\"@id\":\"https:\\\/\\\/www.floristeriesiris.com\\\/es\\\/#organization\"},\"potentialAction\":[{\"@type\":\"SearchAction\",\"target\":{\"@type\":\"EntryPoint\",\"urlTemplate\":\"https:\\\/\\\/www.floristeriesiris.com\\\/es\\\/?s={search_term_string}\"},\"query-input\":{\"@type\":\"PropertyValueSpecification\",\"valueRequired\":true,\"valueName\":\"search_term_string\"}}],\"inLanguage\":\"es\"},{\"@type\":\"Organization\",\"@id\":\"https:\\\/\\\/www.floristeriesiris.com\\\/es\\\/#organization\",\"name\":\"Floristeries Iris\",\"url\":\"https:\\\/\\\/www.floristeriesiris.com\\\/es\\\/\",\"logo\":{\"@type\":\"ImageObject\",\"inLanguage\":\"es\",\"@id\":\"https:\\\/\\\/www.floristeriesiris.com\\\/es\\\/#\\\/schema\\\/logo\\\/image\\\/\",\"url\":\"https:\\\/\\\/www.floristeriesiris.com\\\/wp-content\\\/uploads\\\/2020\\\/06\\\/logo.png\",\"contentUrl\":\"https:\\\/\\\/www.floristeriesiris.com\\\/wp-content\\\/uploads\\\/2020\\\/06\\\/logo.png\",\"width\":416,\"height\":357,\"caption\":\"Floristeries Iris\"},\"image\":{\"@id\":\"https:\\\/\\\/www.floristeriesiris.com\\\/es\\\/#\\\/schema\\\/logo\\\/image\\\/\"}}]}<\/script>\n<!-- \/ Yoast SEO plugin. -->","yoast_head_json":{"title":"Ramos con flor natural y seca de primera calidad - Floristeries Iris","description":"Ramos con flor natural y seca de primera calidad. Ramos de novia personalizados. Ramos de rosas. Ramos de flores. Env\u00edos a domicilio. Floristeries Iris.","robots":{"index":"index","follow":"follow","max-snippet":"max-snippet:-1","max-image-preview":"max-image-preview:large","max-video-preview":"max-video-preview:-1"},"canonical":"https:\/\/www.floristeriesiris.com\/es\/ramos-de-flores\/","og_locale":"es_ES","og_type":"article","og_title":"Ramos con flor natural y seca de primera calidad - Floristeries Iris","og_description":"Ramos con flor natural y seca de primera calidad. Ramos de novia personalizados. Ramos de rosas. Ramos de flores. Env\u00edos a domicilio. Floristeries Iris.","og_url":"https:\/\/www.floristeriesiris.com\/es\/ramos-de-flores\/","og_site_name":"Floristeries Iris","article_modified_time":"2021-05-19T12:45:01+00:00","og_image":[{"width":1001,"height":1500,"url":"https:\/\/www.floristeriesiris.com\/wp-content\/uploads\/2019\/01\/FloristeriesIris-110.jpg","type":"image\/jpeg"}],"twitter_card":"summary_large_image","schema":{"@context":"https:\/\/schema.org","@graph":[{"@type":"WebPage","@id":"https:\/\/www.floristeriesiris.com\/es\/ramos-de-flores\/","url":"https:\/\/www.floristeriesiris.com\/es\/ramos-de-flores\/","name":"Ramos con flor natural y seca de primera calidad - Floristeries Iris","isPartOf":{"@id":"https:\/\/www.floristeriesiris.com\/es\/#website"},"primaryImageOfPage":{"@id":"https:\/\/www.floristeriesiris.com\/es\/ramos-de-flores\/#primaryimage"},"image":{"@id":"https:\/\/www.floristeriesiris.com\/es\/ramos-de-flores\/#primaryimage"},"thumbnailUrl":"https:\/\/www.floristeriesiris.com\/wp-content\/uploads\/2019\/01\/FloristeriesIris-110.jpg","datePublished":"2021-05-19T09:13:27+00:00","dateModified":"2021-05-19T12:45:01+00:00","description":"Ramos con flor natural y seca de primera calidad. Ramos de novia personalizados. Ramos de rosas. Ramos de flores. Env\u00edos a domicilio. Floristeries Iris.","breadcrumb":{"@id":"https:\/\/www.floristeriesiris.com\/es\/ramos-de-flores\/#breadcrumb"},"inLanguage":"es","potentialAction":[{"@type":"ReadAction","target":["https:\/\/www.floristeriesiris.com\/es\/ramos-de-flores\/"]}]},{"@type":"ImageObject","inLanguage":"es","@id":"https:\/\/www.floristeriesiris.com\/es\/ramos-de-flores\/#primaryimage","url":"https:\/\/www.floristeriesiris.com\/wp-content\/uploads\/2019\/01\/FloristeriesIris-110.jpg","contentUrl":"https:\/\/www.floristeriesiris.com\/wp-content\/uploads\/2019\/01\/FloristeriesIris-110.jpg","width":1001,"height":1500},{"@type":"BreadcrumbList","@id":"https:\/\/www.floristeriesiris.com\/es\/ramos-de-flores\/#breadcrumb","itemListElement":[{"@type":"ListItem","position":1,"name":"Portada","item":"https:\/\/www.floristeriesiris.com\/es\/"},{"@type":"ListItem","position":2,"name":"Ramos de Flores"}]},{"@type":"WebSite","@id":"https:\/\/www.floristeriesiris.com\/es\/#website","url":"https:\/\/www.floristeriesiris.com\/es\/","name":"Floristeries Iris","description":"Floristeries Iris","publisher":{"@id":"https:\/\/www.floristeriesiris.com\/es\/#organization"},"potentialAction":[{"@type":"SearchAction","target":{"@type":"EntryPoint","urlTemplate":"https:\/\/www.floristeriesiris.com\/es\/?s={search_term_string}"},"query-input":{"@type":"PropertyValueSpecification","valueRequired":true,"valueName":"search_term_string"}}],"inLanguage":"es"},{"@type":"Organization","@id":"https:\/\/www.floristeriesiris.com\/es\/#organization","name":"Floristeries Iris","url":"https:\/\/www.floristeriesiris.com\/es\/","logo":{"@type":"ImageObject","inLanguage":"es","@id":"https:\/\/www.floristeriesiris.com\/es\/#\/schema\/logo\/image\/","url":"https:\/\/www.floristeriesiris.com\/wp-content\/uploads\/2020\/06\/logo.png","contentUrl":"https:\/\/www.floristeriesiris.com\/wp-content\/uploads\/2020\/06\/logo.png","width":416,"height":357,"caption":"Floristeries Iris"},"image":{"@id":"https:\/\/www.floristeriesiris.com\/es\/#\/schema\/logo\/image\/"}}]}},"_links":{"self":[{"href":"https:\/\/www.floristeriesiris.com\/es\/wp-json\/wp\/v2\/pages\/2208","targetHints":{"allow":["GET"]}}],"collection":[{"href":"https:\/\/www.floristeriesiris.com\/es\/wp-json\/wp\/v2\/pages"}],"about":[{"href":"https:\/\/www.floristeriesiris.com\/es\/wp-json\/wp\/v2\/types\/page"}],"author":[{"embeddable":true,"href":"https:\/\/www.floristeriesiris.com\/es\/wp-json\/wp\/v2\/users\/4"}],"replies":[{"embeddable":true,"href":"https:\/\/www.floristeriesiris.com\/es\/wp-json\/wp\/v2\/comments?post=2208"}],"version-history":[{"count":2,"href":"https:\/\/www.floristeriesiris.com\/es\/wp-json\/wp\/v2\/pages\/2208\/revisions"}],"predecessor-version":[{"id":2748,"href":"https:\/\/www.floristeriesiris.com\/es\/wp-json\/wp\/v2\/pages\/2208\/revisions\/2748"}],"wp:featuredmedia":[{"embeddable":true,"href":"https:\/\/www.floristeriesiris.com\/es\/wp-json\/wp\/v2\/media\/2239"}],"wp:attachment":[{"href":"https:\/\/www.floristeriesiris.com\/es\/wp-json\/wp\/v2\/media?parent=2208"}],"curies":[{"name":"wp","href":"https:\/\/api.w.org\/{rel}","templated":true}]}}