{"id":2290,"date":"2021-05-19T11:18:44","date_gmt":"2021-05-19T09:18:44","guid":{"rendered":"https:\/\/www.floristeriesiris.com\/centros-con-plantas-y-flores\/"},"modified":"2021-05-19T14:05:18","modified_gmt":"2021-05-19T12:05:18","slug":"centros-con-plantas-y-flores","status":"publish","type":"page","link":"https:\/\/www.floristeriesiris.com\/es\/centros-con-plantas-y-flores\/","title":{"rendered":"Centros con Plantas y Flores"},"content":{"rendered":"\t\t<div data-elementor-type=\"wp-page\" data-elementor-id=\"2290\" class=\"elementor elementor-2290 elementor-721\" data-elementor-post-type=\"page\">\n\t\t\t\t\t\t<section class=\"elementor-section elementor-top-section elementor-element elementor-element-7571169 elementor-section-height-min-height elementor-section-boxed elementor-section-height-default elementor-section-items-middle\" data-id=\"7571169\" data-element_type=\"section\" data-e-type=\"section\" data-settings=\"{&quot;background_background&quot;:&quot;classic&quot;}\">\n\t\t\t\t\t\t\t<div class=\"elementor-background-overlay\"><\/div>\n\t\t\t\t\t\t\t<div class=\"elementor-container elementor-column-gap-default\">\n\t\t\t\t\t<div class=\"elementor-column elementor-col-100 elementor-top-column elementor-element elementor-element-4822750\" data-id=\"4822750\" data-element_type=\"column\" data-e-type=\"column\">\n\t\t\t<div class=\"elementor-widget-wrap elementor-element-populated\">\n\t\t\t\t\t\t<div class=\"elementor-element elementor-element-07c7d07 elementor-widget elementor-widget-heading\" data-id=\"07c7d07\" data-element_type=\"widget\" data-e-type=\"widget\" data-widget_type=\"heading.default\">\n\t\t\t\t<div class=\"elementor-widget-container\">\n\t\t\t\t\t<p class=\"elementor-heading-title elementor-size-default\">Centros con Plantas y Flores<\/p>\t\t\t\t<\/div>\n\t\t\t\t<\/div>\n\t\t\t\t\t<\/div>\n\t\t<\/div>\n\t\t\t\t\t<\/div>\n\t\t<\/section>\n\t\t\t\t<section class=\"elementor-section elementor-top-section elementor-element elementor-element-c013e21 elementor-section-boxed elementor-section-height-default elementor-section-height-default\" data-id=\"c013e21\" data-element_type=\"section\" data-e-type=\"section\">\n\t\t\t\t\t\t<div class=\"elementor-container elementor-column-gap-default\">\n\t\t\t\t\t<div class=\"elementor-column elementor-col-100 elementor-top-column elementor-element elementor-element-6dbc7ec\" data-id=\"6dbc7ec\" data-element_type=\"column\" data-e-type=\"column\">\n\t\t\t<div class=\"elementor-widget-wrap elementor-element-populated\">\n\t\t\t\t\t\t<div class=\"elementor-element elementor-element-eaef0e8 elementor-widget elementor-widget-heading\" data-id=\"eaef0e8\" data-element_type=\"widget\" data-e-type=\"widget\" data-widget_type=\"heading.default\">\n\t\t\t\t<div class=\"elementor-widget-container\">\n\t\t\t\t\t<h1 class=\"elementor-heading-title elementor-size-default\">Centros con Plantas y Flores<\/h1>\t\t\t\t<\/div>\n\t\t\t\t<\/div>\n\t\t\t\t<div class=\"elementor-element elementor-element-aec9776 elementor-widget elementor-widget-text-editor\" data-id=\"aec9776\" data-element_type=\"widget\" data-e-type=\"widget\" data-widget_type=\"text-editor.default\">\n\t\t\t\t<div class=\"elementor-widget-container\">\n\t\t\t\t\t\t\t\t\t<p>Els nostres\u00a0<strong>CENTRES amb PLANTES i FLORS<\/strong>,\u00a0 s\u00f3n un dels productes estrella de les Floristeries Iris.<\/p>\n<p>Elaborats amb<strong>\u00a0les millors mat\u00e8ries primeres<\/strong>\u00a0i amb molt de carinyo, s\u00f3n el regal perfecte per a qualsevol ocasi\u00f3.<\/p>\n<p>Els centres amb plantes i flors naturals, s\u00f3n molt populars entre els nostres clients, a l\u2019hora de celebrar el <strong>naixement d\u2019un nad\u00f3.<\/strong>\u00a0Acompanyades de pelutxos o detalls infantils, les nostres cistelles s\u00f3n ideals per sorprendre i fer, m\u00e9s feli\u00e7 encara, a la fam\u00edlia.<\/p>\n<p>Ideals per a<strong>\u00a0regalar<\/strong>\u00a0a qualsevol i per\u00a0<strong>decorar el nostre hogar i\/o negoci<\/strong>.<\/p>\n<p>Als centres, les plantes segueixen vives amb les seves arrels, aix\u00ed que s\u2019hauran d\u2019anar regant i alimentant. \u00c9s el regal perfecte,\u00a0 aix\u00ed que quan passi un temps podem fer trasplantament per fer cr\u00e9ixer les plantes i flors que tinguis.<\/p>\n<p>Escull com vols el centre, amb quines plantes, flors, cistella, capsa, accessoris, &#8230; Tot es pot personalitzat perqu\u00e8 sigui el <strong>REGAL PERFECTE<\/strong><span style=\"color: var( --e-global-color-text ); font-family: var( --e-global-typography-text-font-family ), Sans-serif; font-size: 1rem;\">.<\/span><\/p>\n\t\t\t\t\t\t\t\t<\/div>\n\t\t\t\t<\/div>\n\t\t\t\t\t<\/div>\n\t\t<\/div>\n\t\t\t\t\t<\/div>\n\t\t<\/section>\n\t\t\t\t<section class=\"elementor-section elementor-top-section elementor-element elementor-element-9e5eff1 elementor-section-boxed elementor-section-height-default elementor-section-height-default\" data-id=\"9e5eff1\" data-element_type=\"section\" data-e-type=\"section\" data-settings=\"{&quot;background_background&quot;:&quot;classic&quot;}\">\n\t\t\t\t\t\t<div class=\"elementor-container elementor-column-gap-default\">\n\t\t\t\t\t<div class=\"elementor-column elementor-col-100 elementor-top-column elementor-element elementor-element-c8f8574\" data-id=\"c8f8574\" data-element_type=\"column\" data-e-type=\"column\">\n\t\t\t<div class=\"elementor-widget-wrap elementor-element-populated\">\n\t\t\t\t\t\t<div class=\"elementor-element elementor-element-f06e454 elementor-widget elementor-widget-heading\" data-id=\"f06e454\" data-element_type=\"widget\" data-e-type=\"widget\" data-widget_type=\"heading.default\">\n\t\t\t\t<div class=\"elementor-widget-container\">\n\t\t\t\t\t<h2 class=\"elementor-heading-title elementor-size-default\">Compra online &gt; Centros de Plantas \/ Centros de Flores<\/h2>\t\t\t\t<\/div>\n\t\t\t\t<\/div>\n\t\t\t\t\t<\/div>\n\t\t<\/div>\n\t\t\t\t\t<\/div>\n\t\t<\/section>\n\t\t\t\t<\/div>\n\t\t","protected":false},"excerpt":{"rendered":"<p>Centros con Plantas y Flores Centros con Plantas y Flores Els nostres\u00a0CENTRES amb PLANTES i FLORS,\u00a0 s\u00f3n un dels productes estrella de les Floristeries Iris. Elaborats amb\u00a0les millors mat\u00e8ries primeres\u00a0i amb molt de carinyo, s\u00f3n el regal perfecte per a qualsevol ocasi\u00f3. Els centres amb plantes i flors naturals, s\u00f3n molt populars entre els nostres [&hellip;]<\/p>\n","protected":false},"author":4,"featured_media":2316,"parent":0,"menu_order":11,"comment_status":"closed","ping_status":"closed","template":"","meta":{"footnotes":""},"class_list":["post-2290","page","type-page","status-publish","has-post-thumbnail","hentry"],"yoast_head":"<!-- This site is optimized with the Yoast SEO plugin v27.5 - https:\/\/yoast.com\/product\/yoast-seo-wordpress\/ -->\n<title>Centros con Plantas y Flores natural y seca - Floristeries Iris<\/title>\n<meta name=\"description\" content=\"Regalo perfecto para enamorados, rosa de San Jordi, nacimientos, aniversarios, empresas, ... Regala plantas y flores con Floristeries Iris Barcelona.\" \/>\n<meta name=\"robots\" content=\"index, follow, max-snippet:-1, max-image-preview:large, max-video-preview:-1\" \/>\n<link rel=\"canonical\" href=\"https:\/\/www.floristeriesiris.com\/es\/centros-con-plantas-y-flores\/\" \/>\n<meta property=\"og:locale\" content=\"es_ES\" \/>\n<meta property=\"og:type\" content=\"article\" \/>\n<meta property=\"og:title\" content=\"Centros con Plantas y Flores natural y seca - Floristeries Iris\" \/>\n<meta property=\"og:description\" content=\"Regalo perfecto para enamorados, rosa de San Jordi, nacimientos, aniversarios, empresas, ... Regala plantas y flores con Floristeries Iris Barcelona.\" \/>\n<meta property=\"og:url\" content=\"https:\/\/www.floristeriesiris.com\/es\/centros-con-plantas-y-flores\/\" \/>\n<meta property=\"og:site_name\" content=\"Floristeries Iris\" \/>\n<meta property=\"article:modified_time\" content=\"2021-05-19T12:05:18+00:00\" \/>\n<meta property=\"og:image\" content=\"https:\/\/www.floristeriesiris.com\/wp-content\/uploads\/2019\/01\/FloristeriesIris-158.jpg\" \/>\n\t<meta property=\"og:image:width\" content=\"1001\" \/>\n\t<meta property=\"og:image:height\" content=\"1500\" \/>\n\t<meta property=\"og:image:type\" content=\"image\/jpeg\" \/>\n<meta name=\"twitter:card\" content=\"summary_large_image\" \/>\n<meta name=\"twitter:label1\" content=\"Tiempo de lectura\" \/>\n\t<meta name=\"twitter:data1\" content=\"1 minuto\" \/>\n<script type=\"application\/ld+json\" class=\"yoast-schema-graph\">{\"@context\":\"https:\\\/\\\/schema.org\",\"@graph\":[{\"@type\":\"WebPage\",\"@id\":\"https:\\\/\\\/www.floristeriesiris.com\\\/es\\\/centros-con-plantas-y-flores\\\/\",\"url\":\"https:\\\/\\\/www.floristeriesiris.com\\\/es\\\/centros-con-plantas-y-flores\\\/\",\"name\":\"Centros con Plantas y Flores natural y seca - Floristeries Iris\",\"isPartOf\":{\"@id\":\"https:\\\/\\\/www.floristeriesiris.com\\\/es\\\/#website\"},\"primaryImageOfPage\":{\"@id\":\"https:\\\/\\\/www.floristeriesiris.com\\\/es\\\/centros-con-plantas-y-flores\\\/#primaryimage\"},\"image\":{\"@id\":\"https:\\\/\\\/www.floristeriesiris.com\\\/es\\\/centros-con-plantas-y-flores\\\/#primaryimage\"},\"thumbnailUrl\":\"https:\\\/\\\/www.floristeriesiris.com\\\/wp-content\\\/uploads\\\/2019\\\/01\\\/FloristeriesIris-158.jpg\",\"datePublished\":\"2021-05-19T09:18:44+00:00\",\"dateModified\":\"2021-05-19T12:05:18+00:00\",\"description\":\"Regalo perfecto para enamorados, rosa de San Jordi, nacimientos, aniversarios, empresas, ... Regala plantas y flores con Floristeries Iris Barcelona.\",\"breadcrumb\":{\"@id\":\"https:\\\/\\\/www.floristeriesiris.com\\\/es\\\/centros-con-plantas-y-flores\\\/#breadcrumb\"},\"inLanguage\":\"es\",\"potentialAction\":[{\"@type\":\"ReadAction\",\"target\":[\"https:\\\/\\\/www.floristeriesiris.com\\\/es\\\/centros-con-plantas-y-flores\\\/\"]}]},{\"@type\":\"ImageObject\",\"inLanguage\":\"es\",\"@id\":\"https:\\\/\\\/www.floristeriesiris.com\\\/es\\\/centros-con-plantas-y-flores\\\/#primaryimage\",\"url\":\"https:\\\/\\\/www.floristeriesiris.com\\\/wp-content\\\/uploads\\\/2019\\\/01\\\/FloristeriesIris-158.jpg\",\"contentUrl\":\"https:\\\/\\\/www.floristeriesiris.com\\\/wp-content\\\/uploads\\\/2019\\\/01\\\/FloristeriesIris-158.jpg\",\"width\":1001,\"height\":1500},{\"@type\":\"BreadcrumbList\",\"@id\":\"https:\\\/\\\/www.floristeriesiris.com\\\/es\\\/centros-con-plantas-y-flores\\\/#breadcrumb\",\"itemListElement\":[{\"@type\":\"ListItem\",\"position\":1,\"name\":\"Portada\",\"item\":\"https:\\\/\\\/www.floristeriesiris.com\\\/es\\\/\"},{\"@type\":\"ListItem\",\"position\":2,\"name\":\"Centros con Plantas y Flores\"}]},{\"@type\":\"WebSite\",\"@id\":\"https:\\\/\\\/www.floristeriesiris.com\\\/es\\\/#website\",\"url\":\"https:\\\/\\\/www.floristeriesiris.com\\\/es\\\/\",\"name\":\"Floristeries Iris\",\"description\":\"Floristeries Iris\",\"publisher\":{\"@id\":\"https:\\\/\\\/www.floristeriesiris.com\\\/es\\\/#organization\"},\"potentialAction\":[{\"@type\":\"SearchAction\",\"target\":{\"@type\":\"EntryPoint\",\"urlTemplate\":\"https:\\\/\\\/www.floristeriesiris.com\\\/es\\\/?s={search_term_string}\"},\"query-input\":{\"@type\":\"PropertyValueSpecification\",\"valueRequired\":true,\"valueName\":\"search_term_string\"}}],\"inLanguage\":\"es\"},{\"@type\":\"Organization\",\"@id\":\"https:\\\/\\\/www.floristeriesiris.com\\\/es\\\/#organization\",\"name\":\"Floristeries Iris\",\"url\":\"https:\\\/\\\/www.floristeriesiris.com\\\/es\\\/\",\"logo\":{\"@type\":\"ImageObject\",\"inLanguage\":\"es\",\"@id\":\"https:\\\/\\\/www.floristeriesiris.com\\\/es\\\/#\\\/schema\\\/logo\\\/image\\\/\",\"url\":\"https:\\\/\\\/www.floristeriesiris.com\\\/wp-content\\\/uploads\\\/2020\\\/06\\\/logo.png\",\"contentUrl\":\"https:\\\/\\\/www.floristeriesiris.com\\\/wp-content\\\/uploads\\\/2020\\\/06\\\/logo.png\",\"width\":416,\"height\":357,\"caption\":\"Floristeries Iris\"},\"image\":{\"@id\":\"https:\\\/\\\/www.floristeriesiris.com\\\/es\\\/#\\\/schema\\\/logo\\\/image\\\/\"}}]}<\/script>\n<!-- \/ Yoast SEO plugin. -->","yoast_head_json":{"title":"Centros con Plantas y Flores natural y seca - Floristeries Iris","description":"Regalo perfecto para enamorados, rosa de San Jordi, nacimientos, aniversarios, empresas, ... Regala plantas y flores con Floristeries Iris Barcelona.","robots":{"index":"index","follow":"follow","max-snippet":"max-snippet:-1","max-image-preview":"max-image-preview:large","max-video-preview":"max-video-preview:-1"},"canonical":"https:\/\/www.floristeriesiris.com\/es\/centros-con-plantas-y-flores\/","og_locale":"es_ES","og_type":"article","og_title":"Centros con Plantas y Flores natural y seca - Floristeries Iris","og_description":"Regalo perfecto para enamorados, rosa de San Jordi, nacimientos, aniversarios, empresas, ... Regala plantas y flores con Floristeries Iris Barcelona.","og_url":"https:\/\/www.floristeriesiris.com\/es\/centros-con-plantas-y-flores\/","og_site_name":"Floristeries Iris","article_modified_time":"2021-05-19T12:05:18+00:00","og_image":[{"width":1001,"height":1500,"url":"https:\/\/www.floristeriesiris.com\/wp-content\/uploads\/2019\/01\/FloristeriesIris-158.jpg","type":"image\/jpeg"}],"twitter_card":"summary_large_image","twitter_misc":{"Tiempo de lectura":"1 minuto"},"schema":{"@context":"https:\/\/schema.org","@graph":[{"@type":"WebPage","@id":"https:\/\/www.floristeriesiris.com\/es\/centros-con-plantas-y-flores\/","url":"https:\/\/www.floristeriesiris.com\/es\/centros-con-plantas-y-flores\/","name":"Centros con Plantas y Flores natural y seca - Floristeries Iris","isPartOf":{"@id":"https:\/\/www.floristeriesiris.com\/es\/#website"},"primaryImageOfPage":{"@id":"https:\/\/www.floristeriesiris.com\/es\/centros-con-plantas-y-flores\/#primaryimage"},"image":{"@id":"https:\/\/www.floristeriesiris.com\/es\/centros-con-plantas-y-flores\/#primaryimage"},"thumbnailUrl":"https:\/\/www.floristeriesiris.com\/wp-content\/uploads\/2019\/01\/FloristeriesIris-158.jpg","datePublished":"2021-05-19T09:18:44+00:00","dateModified":"2021-05-19T12:05:18+00:00","description":"Regalo perfecto para enamorados, rosa de San Jordi, nacimientos, aniversarios, empresas, ... Regala plantas y flores con Floristeries Iris Barcelona.","breadcrumb":{"@id":"https:\/\/www.floristeriesiris.com\/es\/centros-con-plantas-y-flores\/#breadcrumb"},"inLanguage":"es","potentialAction":[{"@type":"ReadAction","target":["https:\/\/www.floristeriesiris.com\/es\/centros-con-plantas-y-flores\/"]}]},{"@type":"ImageObject","inLanguage":"es","@id":"https:\/\/www.floristeriesiris.com\/es\/centros-con-plantas-y-flores\/#primaryimage","url":"https:\/\/www.floristeriesiris.com\/wp-content\/uploads\/2019\/01\/FloristeriesIris-158.jpg","contentUrl":"https:\/\/www.floristeriesiris.com\/wp-content\/uploads\/2019\/01\/FloristeriesIris-158.jpg","width":1001,"height":1500},{"@type":"BreadcrumbList","@id":"https:\/\/www.floristeriesiris.com\/es\/centros-con-plantas-y-flores\/#breadcrumb","itemListElement":[{"@type":"ListItem","position":1,"name":"Portada","item":"https:\/\/www.floristeriesiris.com\/es\/"},{"@type":"ListItem","position":2,"name":"Centros con Plantas y Flores"}]},{"@type":"WebSite","@id":"https:\/\/www.floristeriesiris.com\/es\/#website","url":"https:\/\/www.floristeriesiris.com\/es\/","name":"Floristeries Iris","description":"Floristeries Iris","publisher":{"@id":"https:\/\/www.floristeriesiris.com\/es\/#organization"},"potentialAction":[{"@type":"SearchAction","target":{"@type":"EntryPoint","urlTemplate":"https:\/\/www.floristeriesiris.com\/es\/?s={search_term_string}"},"query-input":{"@type":"PropertyValueSpecification","valueRequired":true,"valueName":"search_term_string"}}],"inLanguage":"es"},{"@type":"Organization","@id":"https:\/\/www.floristeriesiris.com\/es\/#organization","name":"Floristeries Iris","url":"https:\/\/www.floristeriesiris.com\/es\/","logo":{"@type":"ImageObject","inLanguage":"es","@id":"https:\/\/www.floristeriesiris.com\/es\/#\/schema\/logo\/image\/","url":"https:\/\/www.floristeriesiris.com\/wp-content\/uploads\/2020\/06\/logo.png","contentUrl":"https:\/\/www.floristeriesiris.com\/wp-content\/uploads\/2020\/06\/logo.png","width":416,"height":357,"caption":"Floristeries Iris"},"image":{"@id":"https:\/\/www.floristeriesiris.com\/es\/#\/schema\/logo\/image\/"}}]}},"_links":{"self":[{"href":"https:\/\/www.floristeriesiris.com\/es\/wp-json\/wp\/v2\/pages\/2290","targetHints":{"allow":["GET"]}}],"collection":[{"href":"https:\/\/www.floristeriesiris.com\/es\/wp-json\/wp\/v2\/pages"}],"about":[{"href":"https:\/\/www.floristeriesiris.com\/es\/wp-json\/wp\/v2\/types\/page"}],"author":[{"embeddable":true,"href":"https:\/\/www.floristeriesiris.com\/es\/wp-json\/wp\/v2\/users\/4"}],"replies":[{"embeddable":true,"href":"https:\/\/www.floristeriesiris.com\/es\/wp-json\/wp\/v2\/comments?post=2290"}],"version-history":[{"count":2,"href":"https:\/\/www.floristeriesiris.com\/es\/wp-json\/wp\/v2\/pages\/2290\/revisions"}],"predecessor-version":[{"id":2749,"href":"https:\/\/www.floristeriesiris.com\/es\/wp-json\/wp\/v2\/pages\/2290\/revisions\/2749"}],"wp:featuredmedia":[{"embeddable":true,"href":"https:\/\/www.floristeriesiris.com\/es\/wp-json\/wp\/v2\/media\/2316"}],"wp:attachment":[{"href":"https:\/\/www.floristeriesiris.com\/es\/wp-json\/wp\/v2\/media?parent=2290"}],"curies":[{"name":"wp","href":"https:\/\/api.w.org\/{rel}","templated":true}]}}