{"id":4239,"date":"2022-01-28T17:21:43","date_gmt":"2022-01-28T16:21:43","guid":{"rendered":"https:\/\/www.floristeriesiris.com\/producto\/cesta-o-caja-de-plantas\/"},"modified":"2022-01-28T17:21:43","modified_gmt":"2022-01-28T16:21:43","slug":"cesta-o-caja-de-plantas","status":"publish","type":"product","link":"https:\/\/www.floristeriesiris.com\/es\/producto\/cesta-o-caja-de-plantas\/","title":{"rendered":"Cesta o caja de plantas"},"content":{"rendered":"<p><img fetchpriority=\"high\" decoding=\"async\" class=\"alignnone size-medium wp-image-3296 lazyload\" src=\"data:image\/gif;base64,R0lGODlhAQABAIAAAAAAAP\/\/\/yH5BAEAAAAALAAAAAABAAEAAAIBRAA7\" data-src=\"https:\/\/www.floristeriesiris.com\/wp-content\/uploads\/2022\/01\/cs-169x300.jpg\" alt=\"\" width=\"169\" height=\"300\" data-srcset=\"https:\/\/www.floristeriesiris.com\/wp-content\/uploads\/2022\/01\/cs-169x300.jpg 169w, https:\/\/www.floristeriesiris.com\/wp-content\/uploads\/2022\/01\/cs-rotated.jpg 360w\" sizes=\"(max-width: 169px) 100vw, 169px\" \/><noscript><img fetchpriority=\"high\" decoding=\"async\" class=\"alignnone size-medium wp-image-3296 lazyload\" src=\"https:\/\/www.floristeriesiris.com\/wp-content\/uploads\/2022\/01\/cs-169x300.jpg\" alt=\"\" width=\"169\" height=\"300\" srcset=\"https:\/\/www.floristeriesiris.com\/wp-content\/uploads\/2022\/01\/cs-169x300.jpg 169w, https:\/\/www.floristeriesiris.com\/wp-content\/uploads\/2022\/01\/cs-rotated.jpg 360w\" sizes=\"(max-width: 169px) 100vw, 169px\" \/><\/noscript> <img decoding=\"async\" class=\"alignnone size-medium wp-image-3294 lazyload\" src=\"data:image\/gif;base64,R0lGODlhAQABAIAAAAAAAP\/\/\/yH5BAEAAAAALAAAAAABAAEAAAIBRAA7\" data-src=\"https:\/\/www.floristeriesiris.com\/wp-content\/uploads\/2022\/01\/csd-228x300.jpg\" alt=\"\" width=\"228\" height=\"300\" data-srcset=\"https:\/\/www.floristeriesiris.com\/wp-content\/uploads\/2022\/01\/csd-228x300.jpg 228w, https:\/\/www.floristeriesiris.com\/wp-content\/uploads\/2022\/01\/csd.jpg 359w\" sizes=\"(max-width: 228px) 100vw, 228px\" \/><noscript><img decoding=\"async\" class=\"alignnone size-medium wp-image-3294 lazyload\" src=\"https:\/\/www.floristeriesiris.com\/wp-content\/uploads\/2022\/01\/csd-228x300.jpg\" alt=\"\" width=\"228\" height=\"300\" srcset=\"https:\/\/www.floristeriesiris.com\/wp-content\/uploads\/2022\/01\/csd-228x300.jpg 228w, https:\/\/www.floristeriesiris.com\/wp-content\/uploads\/2022\/01\/csd.jpg 359w\" sizes=\"(max-width: 228px) 100vw, 228px\" \/><\/noscript><img decoding=\"async\" class=\"alignnone size-medium wp-image-3300 lazyload\" src=\"data:image\/gif;base64,R0lGODlhAQABAIAAAAAAAP\/\/\/yH5BAEAAAAALAAAAAABAAEAAAIBRAA7\" data-src=\"https:\/\/www.floristeriesiris.com\/wp-content\/uploads\/2022\/01\/csd3-1-280x300.jpg\" alt=\"\" width=\"280\" height=\"300\" data-srcset=\"https:\/\/www.floristeriesiris.com\/wp-content\/uploads\/2022\/01\/csd3-1-280x300.jpg 280w, https:\/\/www.floristeriesiris.com\/wp-content\/uploads\/2022\/01\/csd3-1.jpg 359w\" sizes=\"(max-width: 280px) 100vw, 280px\" \/><noscript><img decoding=\"async\" class=\"alignnone size-medium wp-image-3300 lazyload\" src=\"https:\/\/www.floristeriesiris.com\/wp-content\/uploads\/2022\/01\/csd3-1-280x300.jpg\" alt=\"\" width=\"280\" height=\"300\" srcset=\"https:\/\/www.floristeriesiris.com\/wp-content\/uploads\/2022\/01\/csd3-1-280x300.jpg 280w, https:\/\/www.floristeriesiris.com\/wp-content\/uploads\/2022\/01\/csd3-1.jpg 359w\" sizes=\"(max-width: 280px) 100vw, 280px\" \/><\/noscript><\/p>\n","protected":false},"excerpt":{"rendered":"<p>Composici\u00f3n de plantas presentadas con una cesta o caja de madera. El producto se presenta con estas plantas que pueden variar seg\u00fan disponibilidad en la tienda.<\/p>\n","protected":false},"featured_media":3294,"template":"","meta":[],"product_brand":[],"product_cat":[185,181,188,182],"product_tag":[],"class_list":{"0":"post-4239","1":"product","2":"type-product","3":"status-publish","4":"has-post-thumbnail","6":"product_cat-centro-de-flores-y-plantas","7":"product_cat-plantas-centro-de-plantas","8":"product_cat-centros-de-plantas","9":"product_cat-plantas","11":"first","12":"instock","13":"taxable","14":"shipping-taxable","15":"purchasable","16":"product-type-simple"},"yoast_head":"<!-- This site is optimized with the Yoast SEO plugin v27.3 - https:\/\/yoast.com\/product\/yoast-seo-wordpress\/ -->\n<title>Cesta o caja de plantas - Floristeries Iris<\/title>\n<meta name=\"description\" content=\"Cesta o caja grande con varias plantas. En este caso lleva 1 Orqu\u00eddea, 1 Chamadorea, 1 Anthurium, 1 Spathiphyllum, 1 Guzmania, 1 Azalea y una calandiva. La composici\u00f3n puede variar seg\u00fan disponibilidad de plantas en tienda\" \/>\n<meta name=\"robots\" content=\"index, follow, max-snippet:-1, max-image-preview:large, max-video-preview:-1\" \/>\n<link rel=\"canonical\" href=\"https:\/\/www.floristeriesiris.com\/es\/producto\/cesta-o-caja-de-plantas\/\" \/>\n<meta property=\"og:locale\" content=\"es_ES\" \/>\n<meta property=\"og:type\" content=\"article\" \/>\n<meta property=\"og:title\" content=\"Cesta o caja de plantas - Floristeries Iris\" \/>\n<meta property=\"og:description\" content=\"Cesta o caja grande con varias plantas. En este caso lleva 1 Orqu\u00eddea, 1 Chamadorea, 1 Anthurium, 1 Spathiphyllum, 1 Guzmania, 1 Azalea y una calandiva. La composici\u00f3n puede variar seg\u00fan disponibilidad de plantas en tienda\" \/>\n<meta property=\"og:url\" content=\"https:\/\/www.floristeriesiris.com\/es\/producto\/cesta-o-caja-de-plantas\/\" \/>\n<meta property=\"og:site_name\" content=\"Floristeries Iris\" \/>\n<meta property=\"og:image\" content=\"https:\/\/www.floristeriesiris.com\/wp-content\/uploads\/2022\/01\/csd.jpg\" \/>\n\t<meta property=\"og:image:width\" content=\"359\" \/>\n\t<meta property=\"og:image:height\" content=\"473\" \/>\n\t<meta property=\"og:image:type\" content=\"image\/jpeg\" \/>\n<meta name=\"twitter:card\" content=\"summary_large_image\" \/>\n<script type=\"application\/ld+json\" class=\"yoast-schema-graph\">{\"@context\":\"https:\\\/\\\/schema.org\",\"@graph\":[{\"@type\":\"WebPage\",\"@id\":\"https:\\\/\\\/www.floristeriesiris.com\\\/es\\\/producto\\\/cesta-o-caja-de-plantas\\\/\",\"url\":\"https:\\\/\\\/www.floristeriesiris.com\\\/es\\\/producto\\\/cesta-o-caja-de-plantas\\\/\",\"name\":\"Cesta o caja de plantas - Floristeries Iris\",\"isPartOf\":{\"@id\":\"https:\\\/\\\/www.floristeriesiris.com\\\/es\\\/#website\"},\"primaryImageOfPage\":{\"@id\":\"https:\\\/\\\/www.floristeriesiris.com\\\/es\\\/producto\\\/cesta-o-caja-de-plantas\\\/#primaryimage\"},\"image\":{\"@id\":\"https:\\\/\\\/www.floristeriesiris.com\\\/es\\\/producto\\\/cesta-o-caja-de-plantas\\\/#primaryimage\"},\"thumbnailUrl\":\"https:\\\/\\\/www.floristeriesiris.com\\\/wp-content\\\/uploads\\\/2022\\\/01\\\/csd.jpg\",\"datePublished\":\"2022-01-28T16:21:43+00:00\",\"description\":\"Cesta o caja grande con varias plantas. En este caso lleva 1 Orqu\u00eddea, 1 Chamadorea, 1 Anthurium, 1 Spathiphyllum, 1 Guzmania, 1 Azalea y una calandiva. La composici\u00f3n puede variar seg\u00fan disponibilidad de plantas en tienda\",\"breadcrumb\":{\"@id\":\"https:\\\/\\\/www.floristeriesiris.com\\\/es\\\/producto\\\/cesta-o-caja-de-plantas\\\/#breadcrumb\"},\"inLanguage\":\"es\",\"potentialAction\":[{\"@type\":\"ReadAction\",\"target\":[\"https:\\\/\\\/www.floristeriesiris.com\\\/es\\\/producto\\\/cesta-o-caja-de-plantas\\\/\"]}]},{\"@type\":\"ImageObject\",\"inLanguage\":\"es\",\"@id\":\"https:\\\/\\\/www.floristeriesiris.com\\\/es\\\/producto\\\/cesta-o-caja-de-plantas\\\/#primaryimage\",\"url\":\"https:\\\/\\\/www.floristeriesiris.com\\\/wp-content\\\/uploads\\\/2022\\\/01\\\/csd.jpg\",\"contentUrl\":\"https:\\\/\\\/www.floristeriesiris.com\\\/wp-content\\\/uploads\\\/2022\\\/01\\\/csd.jpg\",\"width\":359,\"height\":473},{\"@type\":\"BreadcrumbList\",\"@id\":\"https:\\\/\\\/www.floristeriesiris.com\\\/es\\\/producto\\\/cesta-o-caja-de-plantas\\\/#breadcrumb\",\"itemListElement\":[{\"@type\":\"ListItem\",\"position\":1,\"name\":\"Portada\",\"item\":\"https:\\\/\\\/www.floristeriesiris.com\\\/es\\\/\"},{\"@type\":\"ListItem\",\"position\":2,\"name\":\"Productos\",\"item\":\"https:\\\/\\\/www.floristeriesiris.com\\\/es\\\/shop\\\/\"},{\"@type\":\"ListItem\",\"position\":3,\"name\":\"Cesta o caja de plantas\"}]},{\"@type\":\"WebSite\",\"@id\":\"https:\\\/\\\/www.floristeriesiris.com\\\/es\\\/#website\",\"url\":\"https:\\\/\\\/www.floristeriesiris.com\\\/es\\\/\",\"name\":\"Floristeries Iris\",\"description\":\"Floristeries Iris\",\"publisher\":{\"@id\":\"https:\\\/\\\/www.floristeriesiris.com\\\/es\\\/#organization\"},\"potentialAction\":[{\"@type\":\"SearchAction\",\"target\":{\"@type\":\"EntryPoint\",\"urlTemplate\":\"https:\\\/\\\/www.floristeriesiris.com\\\/es\\\/?s={search_term_string}\"},\"query-input\":{\"@type\":\"PropertyValueSpecification\",\"valueRequired\":true,\"valueName\":\"search_term_string\"}}],\"inLanguage\":\"es\"},{\"@type\":\"Organization\",\"@id\":\"https:\\\/\\\/www.floristeriesiris.com\\\/es\\\/#organization\",\"name\":\"Floristeries Iris\",\"url\":\"https:\\\/\\\/www.floristeriesiris.com\\\/es\\\/\",\"logo\":{\"@type\":\"ImageObject\",\"inLanguage\":\"es\",\"@id\":\"https:\\\/\\\/www.floristeriesiris.com\\\/es\\\/#\\\/schema\\\/logo\\\/image\\\/\",\"url\":\"https:\\\/\\\/www.floristeriesiris.com\\\/wp-content\\\/uploads\\\/2020\\\/06\\\/logo.png\",\"contentUrl\":\"https:\\\/\\\/www.floristeriesiris.com\\\/wp-content\\\/uploads\\\/2020\\\/06\\\/logo.png\",\"width\":416,\"height\":357,\"caption\":\"Floristeries Iris\"},\"image\":{\"@id\":\"https:\\\/\\\/www.floristeriesiris.com\\\/es\\\/#\\\/schema\\\/logo\\\/image\\\/\"}}]}<\/script>\n<!-- \/ Yoast SEO plugin. -->","yoast_head_json":{"title":"Cesta o caja de plantas - Floristeries Iris","description":"Cesta o caja grande con varias plantas. En este caso lleva 1 Orqu\u00eddea, 1 Chamadorea, 1 Anthurium, 1 Spathiphyllum, 1 Guzmania, 1 Azalea y una calandiva. La composici\u00f3n puede variar seg\u00fan disponibilidad de plantas en tienda","robots":{"index":"index","follow":"follow","max-snippet":"max-snippet:-1","max-image-preview":"max-image-preview:large","max-video-preview":"max-video-preview:-1"},"canonical":"https:\/\/www.floristeriesiris.com\/es\/producto\/cesta-o-caja-de-plantas\/","og_locale":"es_ES","og_type":"article","og_title":"Cesta o caja de plantas - Floristeries Iris","og_description":"Cesta o caja grande con varias plantas. En este caso lleva 1 Orqu\u00eddea, 1 Chamadorea, 1 Anthurium, 1 Spathiphyllum, 1 Guzmania, 1 Azalea y una calandiva. La composici\u00f3n puede variar seg\u00fan disponibilidad de plantas en tienda","og_url":"https:\/\/www.floristeriesiris.com\/es\/producto\/cesta-o-caja-de-plantas\/","og_site_name":"Floristeries Iris","og_image":[{"width":359,"height":473,"url":"https:\/\/www.floristeriesiris.com\/wp-content\/uploads\/2022\/01\/csd.jpg","type":"image\/jpeg"}],"twitter_card":"summary_large_image","schema":{"@context":"https:\/\/schema.org","@graph":[{"@type":"WebPage","@id":"https:\/\/www.floristeriesiris.com\/es\/producto\/cesta-o-caja-de-plantas\/","url":"https:\/\/www.floristeriesiris.com\/es\/producto\/cesta-o-caja-de-plantas\/","name":"Cesta o caja de plantas - Floristeries Iris","isPartOf":{"@id":"https:\/\/www.floristeriesiris.com\/es\/#website"},"primaryImageOfPage":{"@id":"https:\/\/www.floristeriesiris.com\/es\/producto\/cesta-o-caja-de-plantas\/#primaryimage"},"image":{"@id":"https:\/\/www.floristeriesiris.com\/es\/producto\/cesta-o-caja-de-plantas\/#primaryimage"},"thumbnailUrl":"https:\/\/www.floristeriesiris.com\/wp-content\/uploads\/2022\/01\/csd.jpg","datePublished":"2022-01-28T16:21:43+00:00","description":"Cesta o caja grande con varias plantas. En este caso lleva 1 Orqu\u00eddea, 1 Chamadorea, 1 Anthurium, 1 Spathiphyllum, 1 Guzmania, 1 Azalea y una calandiva. La composici\u00f3n puede variar seg\u00fan disponibilidad de plantas en tienda","breadcrumb":{"@id":"https:\/\/www.floristeriesiris.com\/es\/producto\/cesta-o-caja-de-plantas\/#breadcrumb"},"inLanguage":"es","potentialAction":[{"@type":"ReadAction","target":["https:\/\/www.floristeriesiris.com\/es\/producto\/cesta-o-caja-de-plantas\/"]}]},{"@type":"ImageObject","inLanguage":"es","@id":"https:\/\/www.floristeriesiris.com\/es\/producto\/cesta-o-caja-de-plantas\/#primaryimage","url":"https:\/\/www.floristeriesiris.com\/wp-content\/uploads\/2022\/01\/csd.jpg","contentUrl":"https:\/\/www.floristeriesiris.com\/wp-content\/uploads\/2022\/01\/csd.jpg","width":359,"height":473},{"@type":"BreadcrumbList","@id":"https:\/\/www.floristeriesiris.com\/es\/producto\/cesta-o-caja-de-plantas\/#breadcrumb","itemListElement":[{"@type":"ListItem","position":1,"name":"Portada","item":"https:\/\/www.floristeriesiris.com\/es\/"},{"@type":"ListItem","position":2,"name":"Productos","item":"https:\/\/www.floristeriesiris.com\/es\/shop\/"},{"@type":"ListItem","position":3,"name":"Cesta o caja de plantas"}]},{"@type":"WebSite","@id":"https:\/\/www.floristeriesiris.com\/es\/#website","url":"https:\/\/www.floristeriesiris.com\/es\/","name":"Floristeries Iris","description":"Floristeries Iris","publisher":{"@id":"https:\/\/www.floristeriesiris.com\/es\/#organization"},"potentialAction":[{"@type":"SearchAction","target":{"@type":"EntryPoint","urlTemplate":"https:\/\/www.floristeriesiris.com\/es\/?s={search_term_string}"},"query-input":{"@type":"PropertyValueSpecification","valueRequired":true,"valueName":"search_term_string"}}],"inLanguage":"es"},{"@type":"Organization","@id":"https:\/\/www.floristeriesiris.com\/es\/#organization","name":"Floristeries Iris","url":"https:\/\/www.floristeriesiris.com\/es\/","logo":{"@type":"ImageObject","inLanguage":"es","@id":"https:\/\/www.floristeriesiris.com\/es\/#\/schema\/logo\/image\/","url":"https:\/\/www.floristeriesiris.com\/wp-content\/uploads\/2020\/06\/logo.png","contentUrl":"https:\/\/www.floristeriesiris.com\/wp-content\/uploads\/2020\/06\/logo.png","width":416,"height":357,"caption":"Floristeries Iris"},"image":{"@id":"https:\/\/www.floristeriesiris.com\/es\/#\/schema\/logo\/image\/"}}]}},"_links":{"self":[{"href":"https:\/\/www.floristeriesiris.com\/es\/wp-json\/wp\/v2\/product\/4239","targetHints":{"allow":["GET"]}}],"collection":[{"href":"https:\/\/www.floristeriesiris.com\/es\/wp-json\/wp\/v2\/product"}],"about":[{"href":"https:\/\/www.floristeriesiris.com\/es\/wp-json\/wp\/v2\/types\/product"}],"wp:featuredmedia":[{"embeddable":true,"href":"https:\/\/www.floristeriesiris.com\/es\/wp-json\/wp\/v2\/media\/3294"}],"wp:attachment":[{"href":"https:\/\/www.floristeriesiris.com\/es\/wp-json\/wp\/v2\/media?parent=4239"}],"wp:term":[{"taxonomy":"product_brand","embeddable":true,"href":"https:\/\/www.floristeriesiris.com\/es\/wp-json\/wp\/v2\/product_brand?post=4239"},{"taxonomy":"product_cat","embeddable":true,"href":"https:\/\/www.floristeriesiris.com\/es\/wp-json\/wp\/v2\/product_cat?post=4239"},{"taxonomy":"product_tag","embeddable":true,"href":"https:\/\/www.floristeriesiris.com\/es\/wp-json\/wp\/v2\/product_tag?post=4239"}],"curies":[{"name":"wp","href":"https:\/\/api.w.org\/{rel}","templated":true}]}}